{"id":29,"date":"2020-10-14T13:21:25","date_gmt":"2020-10-14T11:21:25","guid":{"rendered":"http:\/\/deddens-design.de\/erdbeere\/?page_id=29"},"modified":"2022-01-11T16:37:06","modified_gmt":"2022-01-11T14:37:06","slug":"vita","status":"publish","type":"page","link":"https:\/\/deddens-design.de\/erdbeere\/?page_id=29","title":{"rendered":"Vita"},"content":{"rendered":"\t\t<div data-elementor-type=\"wp-page\" data-elementor-id=\"29\" class=\"elementor elementor-29\" data-elementor-settings=\"[]\">\n\t\t\t\t\t\t\t<div class=\"elementor-section-wrap\">\n\t\t\t\t\t\t\t<section class=\"elementor-section elementor-top-section elementor-element elementor-element-3a4c685e elementor-section-boxed elementor-section-height-default elementor-section-height-default\" data-id=\"3a4c685e\" data-element_type=\"section\">\n\t\t\t\t\t\t<div class=\"elementor-container elementor-column-gap-default\">\n\t\t\t\t\t<div class=\"elementor-column elementor-col-100 elementor-top-column elementor-element elementor-element-edd96c\" data-id=\"edd96c\" data-element_type=\"column\">\n\t\t\t<div class=\"elementor-widget-wrap elementor-element-populated\">\n\t\t\t\t\t\t\t\t<div class=\"elementor-element elementor-element-6fb94c3f elementor-widget elementor-widget-text-editor\" data-id=\"6fb94c3f\" data-element_type=\"widget\" data-widget_type=\"text-editor.default\">\n\t\t\t\t<div class=\"elementor-widget-container\">\n\t\t\t<style>\/*! elementor - v3.5.6 - 28-02-2022 *\/\n.elementor-widget-text-editor.elementor-drop-cap-view-stacked .elementor-drop-cap{background-color:#818a91;color:#fff}.elementor-widget-text-editor.elementor-drop-cap-view-framed .elementor-drop-cap{color:#818a91;border:3px solid;background-color:transparent}.elementor-widget-text-editor:not(.elementor-drop-cap-view-default) .elementor-drop-cap{margin-top:8px}.elementor-widget-text-editor:not(.elementor-drop-cap-view-default) .elementor-drop-cap-letter{width:1em;height:1em}.elementor-widget-text-editor .elementor-drop-cap{float:left;text-align:center;line-height:1;font-size:50px}.elementor-widget-text-editor .elementor-drop-cap-letter{display:inline-block}<\/style>\t\t\t\t<!-- wp:image {\"align\":\"right\",\"id\":69,\"sizeSlug\":\"large\"} -->\n<div class=\"wp-block-image\"><figure class=\"alignright size-large\"><img loading=\"lazy\" width=\"300\" height=\"186\" src=\"http:\/\/deddens-design.de\/erdbeere\/wp-content\/uploads\/2020\/10\/portrait.jpg\" alt=\"\" class=\"wp-image-69\"\/><\/figure><\/div>\n<!-- \/wp:image -->\n\n<!-- wp:list -->\n<ul><li>geboren am 3.4.1959 in Cloppenburg<\/li><li>1976-1980 Berufsausbildung zum Zahntechniker<\/li><li>1983-1987 Fachhochschule f\u00fcr Produktgestaltung<br>Schmuck, Ger\u00e4t &amp; Gef\u00e4\u00df, Hildesheim<\/li><li>1987-1989 Fachhochschule f\u00fcr Grafik-Design, Hildesheim<\/li><li>1989-1997 Produkt-Designer in der<br>Agentur Windi Winderlich, Hamburg<\/li><li>seit 1998 Freie T\u00e4tigkeit als Produkt- und Schmuck-Designer<\/li><li>lebt mit Familie in Hamburg<\/li><\/ul>\n<!-- \/wp:list -->\t\t\t\t\t\t<\/div>\n\t\t\t\t<\/div>\n\t\t\t\t\t<\/div>\n\t\t<\/div>\n\t\t\t\t\t\t\t<\/div>\n\t\t<\/section>\n\t\t\t\t<section class=\"elementor-section elementor-top-section elementor-element elementor-element-785f09f elementor-section-boxed elementor-section-height-default elementor-section-height-default\" data-id=\"785f09f\" data-element_type=\"section\">\n\t\t\t\t\t\t<div class=\"elementor-container elementor-column-gap-default\">\n\t\t\t\t\t<div class=\"elementor-column elementor-col-100 elementor-top-column elementor-element elementor-element-e7815d1\" data-id=\"e7815d1\" data-element_type=\"column\">\n\t\t\t<div class=\"elementor-widget-wrap elementor-element-populated\">\n\t\t\t\t\t\t\t\t<div class=\"elementor-element elementor-element-64787e6 elementor-arrows-position-inside elementor-pagination-position-outside elementor-widget elementor-widget-image-carousel\" data-id=\"64787e6\" data-element_type=\"widget\" data-settings=\"{&quot;navigation&quot;:&quot;both&quot;,&quot;autoplay&quot;:&quot;yes&quot;,&quot;pause_on_hover&quot;:&quot;yes&quot;,&quot;pause_on_interaction&quot;:&quot;yes&quot;,&quot;autoplay_speed&quot;:5000,&quot;infinite&quot;:&quot;yes&quot;,&quot;speed&quot;:500}\" data-widget_type=\"image-carousel.default\">\n\t\t\t\t<div class=\"elementor-widget-container\">\n\t\t\t<style>\/*! elementor - v3.5.6 - 28-02-2022 *\/\n.elementor-widget-image-carousel .swiper-container{position:static}.elementor-widget-image-carousel .swiper-container .swiper-slide figure{line-height:inherit}.elementor-widget-image-carousel .swiper-slide{text-align:center}.elementor-image-carousel-wrapper:not(.swiper-container-initialized) .swiper-slide{max-width:calc(100% \/ var(--e-image-carousel-slides-to-show, 3))}<\/style>\t\t<div class=\"elementor-image-carousel-wrapper swiper-container\" dir=\"ltr\">\n\t\t\t<div class=\"elementor-image-carousel swiper-wrapper\">\n\t\t\t\t\t\t\t\t<div class=\"swiper-slide\"><figure class=\"swiper-slide-inner\"><img class=\"swiper-slide-image\" src=\"https:\/\/deddens-design.de\/erdbeere\/wp-content\/uploads\/2020\/10\/06-1-1-150x150.jpg\" alt=\"06-1\" \/><\/figure><\/div><div class=\"swiper-slide\"><figure class=\"swiper-slide-inner\"><img class=\"swiper-slide-image\" src=\"https:\/\/deddens-design.de\/erdbeere\/wp-content\/uploads\/2020\/10\/06-2-1-150x150.jpg\" alt=\"06-2\" \/><\/figure><\/div><div class=\"swiper-slide\"><figure class=\"swiper-slide-inner\"><img class=\"swiper-slide-image\" src=\"https:\/\/deddens-design.de\/erdbeere\/wp-content\/uploads\/2020\/10\/06-3-1-150x150.jpg\" alt=\"06-3\" \/><\/figure><\/div>\t\t\t<\/div>\n\t\t\t\t\t\t\t\t\t\t\t\t<div class=\"swiper-pagination\"><\/div>\n\t\t\t\t\t\t\t\t\t\t\t\t\t<div class=\"elementor-swiper-button elementor-swiper-button-prev\">\n\t\t\t\t\t\t<i aria-hidden=\"true\" class=\"eicon-chevron-left\"><\/i>\t\t\t\t\t\t<span class=\"elementor-screen-only\">Zur\u00fcck<\/span>\n\t\t\t\t\t<\/div>\n\t\t\t\t\t<div class=\"elementor-swiper-button elementor-swiper-button-next\">\n\t\t\t\t\t\t<i aria-hidden=\"true\" class=\"eicon-chevron-right\"><\/i>\t\t\t\t\t\t<span class=\"elementor-screen-only\">Weiter<\/span>\n\t\t\t\t\t<\/div>\n\t\t\t\t\t\t\t\t\t<\/div>\n\t\t\t\t<\/div>\n\t\t\t\t<\/div>\n\t\t\t\t\t<\/div>\n\t\t<\/div>\n\t\t\t\t\t\t\t<\/div>\n\t\t<\/section>\n\t\t\t\t\t\t<\/div>\n\t\t\t\t\t<\/div>\n\t\t","protected":false},"excerpt":{"rendered":"<p>geboren am 3.4.1959 in Cloppenburg 1976-1980 Berufsausbildung zum Zahntechniker 1983-1987 Fachhochschule f\u00fcr ProduktgestaltungSchmuck, Ger\u00e4t &amp; Gef\u00e4\u00df, Hildesheim 1987-1989 Fachhochschule f\u00fcr Grafik-Design, Hildesheim 1989-1997 Produkt-Designer in derAgentur Windi Winderlich, Hamburg seit 1998 Freie T\u00e4tigkeit als Produkt- und Schmuck-Designer lebt mit Familie in Hamburg Zur\u00fcck Weiter<\/p>\n","protected":false},"author":1,"featured_media":0,"parent":0,"menu_order":0,"comment_status":"closed","ping_status":"closed","template":"","meta":[],"_links":{"self":[{"href":"https:\/\/deddens-design.de\/erdbeere\/index.php?rest_route=\/wp\/v2\/pages\/29"}],"collection":[{"href":"https:\/\/deddens-design.de\/erdbeere\/index.php?rest_route=\/wp\/v2\/pages"}],"about":[{"href":"https:\/\/deddens-design.de\/erdbeere\/index.php?rest_route=\/wp\/v2\/types\/page"}],"author":[{"embeddable":true,"href":"https:\/\/deddens-design.de\/erdbeere\/index.php?rest_route=\/wp\/v2\/users\/1"}],"replies":[{"embeddable":true,"href":"https:\/\/deddens-design.de\/erdbeere\/index.php?rest_route=%2Fwp%2Fv2%2Fcomments&post=29"}],"version-history":[{"count":11,"href":"https:\/\/deddens-design.de\/erdbeere\/index.php?rest_route=\/wp\/v2\/pages\/29\/revisions"}],"predecessor-version":[{"id":277,"href":"https:\/\/deddens-design.de\/erdbeere\/index.php?rest_route=\/wp\/v2\/pages\/29\/revisions\/277"}],"wp:attachment":[{"href":"https:\/\/deddens-design.de\/erdbeere\/index.php?rest_route=%2Fwp%2Fv2%2Fmedia&parent=29"}],"curies":[{"name":"wp","href":"https:\/\/api.w.org\/{rel}","templated":true}]}}