{"id":25,"date":"2020-10-14T13:19:41","date_gmt":"2020-10-14T11:19:41","guid":{"rendered":"http:\/\/deddens-design.de\/erdbeere\/?page_id=25"},"modified":"2020-10-22T12:35:06","modified_gmt":"2020-10-22T10:35:06","slug":"schmuckunikate","status":"publish","type":"page","link":"https:\/\/deddens-design.de\/erdbeere\/?page_id=25","title":{"rendered":"Schmuckunikate"},"content":{"rendered":"\n<p>Die Erstellung individueller Einzelst\u00fccke steht im Vordergrund. So ist es m\u00f6glich, bei jedem Schmuckst\u00fcck in der Entstehungsphase die Umsetzung einer Idee st\u00e4ndig zu hinterfragen um neue Formen zu entwickeln. Schmuckst\u00fccke f\u00fcr Anl\u00e4sse wie Hochzeit, Konfirmation, Geburtstag oder Taufe werden dann zu etwas Besonderem, wenn ein individueller gestalterischer Bezug zum Tr\u00e4ger erkennbar wird.<\/p>\n\n\n\n<p><\/p>\n\n\n\n<blockquote class=\"wp-block-quote is-style-large\"><p>So ist es m\u00f6glich, bei jedem Schmuckst\u00fcck in der Entstehungsphase die Umsetzung einer Idee st\u00e4ndig zu hinterfragen um neue Formen zu entwickeln.<\/p><\/blockquote>\n\n\n\n<p><\/p>\n\n\n\n<div class=\"wp-block-columns\"><\/div>\n\n\n\n<figure class=\"wp-block-gallery columns-3 is-cropped\"><ul class=\"blocks-gallery-grid\"><li class=\"blocks-gallery-item\"><figure><img loading=\"lazy\" width=\"446\" height=\"400\" src=\"http:\/\/deddens-design.de\/erdbeere\/wp-content\/uploads\/2020\/10\/Brosche.jpg\" alt=\"\" data-id=\"199\" data-full-url=\"http:\/\/deddens-design.de\/erdbeere\/wp-content\/uploads\/2020\/10\/Brosche.jpg\" data-link=\"http:\/\/deddens-design.de\/erdbeere\/?attachment_id=199\" class=\"wp-image-199\" srcset=\"https:\/\/deddens-design.de\/erdbeere\/wp-content\/uploads\/2020\/10\/Brosche.jpg 446w, https:\/\/deddens-design.de\/erdbeere\/wp-content\/uploads\/2020\/10\/Brosche-300x269.jpg 300w\" sizes=\"(max-width: 446px) 100vw, 446px\" \/><\/figure><\/li><li class=\"blocks-gallery-item\"><figure><img loading=\"lazy\" width=\"446\" height=\"400\" src=\"http:\/\/deddens-design.de\/erdbeere\/wp-content\/uploads\/2020\/10\/07-2.jpg\" alt=\"\" data-id=\"123\" data-full-url=\"http:\/\/deddens-design.de\/erdbeere\/wp-content\/uploads\/2020\/10\/07-2.jpg\" data-link=\"http:\/\/deddens-design.de\/erdbeere\/?attachment_id=123\" class=\"wp-image-123\" srcset=\"https:\/\/deddens-design.de\/erdbeere\/wp-content\/uploads\/2020\/10\/07-2.jpg 446w, https:\/\/deddens-design.de\/erdbeere\/wp-content\/uploads\/2020\/10\/07-2-300x269.jpg 300w\" sizes=\"(max-width: 446px) 100vw, 446px\" \/><\/figure><\/li><li class=\"blocks-gallery-item\"><figure><img loading=\"lazy\" width=\"446\" height=\"400\" src=\"http:\/\/deddens-design.de\/erdbeere\/wp-content\/uploads\/2020\/10\/06-1.jpg\" alt=\"\" data-id=\"108\" data-full-url=\"http:\/\/deddens-design.de\/erdbeere\/wp-content\/uploads\/2020\/10\/06-1.jpg\" data-link=\"http:\/\/deddens-design.de\/erdbeere\/?attachment_id=108\" class=\"wp-image-108\" srcset=\"https:\/\/deddens-design.de\/erdbeere\/wp-content\/uploads\/2020\/10\/06-1.jpg 446w, https:\/\/deddens-design.de\/erdbeere\/wp-content\/uploads\/2020\/10\/06-1-300x269.jpg 300w\" sizes=\"(max-width: 446px) 100vw, 446px\" \/><\/figure><\/li><li class=\"blocks-gallery-item\"><figure><img loading=\"lazy\" width=\"446\" height=\"400\" src=\"http:\/\/deddens-design.de\/erdbeere\/wp-content\/uploads\/2020\/10\/03-2.jpg\" alt=\"\" data-id=\"92\" data-full-url=\"http:\/\/deddens-design.de\/erdbeere\/wp-content\/uploads\/2020\/10\/03-2.jpg\" data-link=\"http:\/\/deddens-design.de\/erdbeere\/?attachment_id=92\" class=\"wp-image-92\" srcset=\"https:\/\/deddens-design.de\/erdbeere\/wp-content\/uploads\/2020\/10\/03-2.jpg 446w, https:\/\/deddens-design.de\/erdbeere\/wp-content\/uploads\/2020\/10\/03-2-300x269.jpg 300w\" sizes=\"(max-width: 446px) 100vw, 446px\" \/><\/figure><\/li><li class=\"blocks-gallery-item\"><figure><img loading=\"lazy\" width=\"446\" height=\"400\" src=\"http:\/\/deddens-design.de\/erdbeere\/wp-content\/uploads\/2020\/10\/06-3.jpg\" alt=\"\" data-id=\"110\" data-full-url=\"http:\/\/deddens-design.de\/erdbeere\/wp-content\/uploads\/2020\/10\/06-3.jpg\" data-link=\"http:\/\/deddens-design.de\/erdbeere\/?attachment_id=110\" class=\"wp-image-110\" srcset=\"https:\/\/deddens-design.de\/erdbeere\/wp-content\/uploads\/2020\/10\/06-3.jpg 446w, https:\/\/deddens-design.de\/erdbeere\/wp-content\/uploads\/2020\/10\/06-3-300x269.jpg 300w\" sizes=\"(max-width: 446px) 100vw, 446px\" \/><\/figure><\/li><li class=\"blocks-gallery-item\"><figure><img loading=\"lazy\" width=\"446\" height=\"400\" src=\"http:\/\/deddens-design.de\/erdbeere\/wp-content\/uploads\/2020\/10\/07-1.jpg\" alt=\"\" data-id=\"122\" data-full-url=\"http:\/\/deddens-design.de\/erdbeere\/wp-content\/uploads\/2020\/10\/07-1.jpg\" data-link=\"http:\/\/deddens-design.de\/erdbeere\/?attachment_id=122\" class=\"wp-image-122\" srcset=\"https:\/\/deddens-design.de\/erdbeere\/wp-content\/uploads\/2020\/10\/07-1.jpg 446w, https:\/\/deddens-design.de\/erdbeere\/wp-content\/uploads\/2020\/10\/07-1-300x269.jpg 300w\" sizes=\"(max-width: 446px) 100vw, 446px\" \/><\/figure><\/li><li class=\"blocks-gallery-item\"><figure><img loading=\"lazy\" width=\"446\" height=\"400\" src=\"http:\/\/deddens-design.de\/erdbeere\/wp-content\/uploads\/2020\/10\/03-1.jpg\" alt=\"\" data-id=\"91\" data-full-url=\"http:\/\/deddens-design.de\/erdbeere\/wp-content\/uploads\/2020\/10\/03-1.jpg\" data-link=\"http:\/\/deddens-design.de\/erdbeere\/?attachment_id=91\" class=\"wp-image-91\" srcset=\"https:\/\/deddens-design.de\/erdbeere\/wp-content\/uploads\/2020\/10\/03-1.jpg 446w, https:\/\/deddens-design.de\/erdbeere\/wp-content\/uploads\/2020\/10\/03-1-300x269.jpg 300w\" sizes=\"(max-width: 446px) 100vw, 446px\" \/><\/figure><\/li><li class=\"blocks-gallery-item\"><figure><img loading=\"lazy\" width=\"446\" height=\"400\" src=\"http:\/\/deddens-design.de\/erdbeere\/wp-content\/uploads\/2020\/10\/02-1.jpg\" alt=\"\" data-id=\"80\" data-full-url=\"http:\/\/deddens-design.de\/erdbeere\/wp-content\/uploads\/2020\/10\/02-1.jpg\" data-link=\"http:\/\/deddens-design.de\/erdbeere\/?attachment_id=80\" class=\"wp-image-80\" srcset=\"https:\/\/deddens-design.de\/erdbeere\/wp-content\/uploads\/2020\/10\/02-1.jpg 446w, https:\/\/deddens-design.de\/erdbeere\/wp-content\/uploads\/2020\/10\/02-1-300x269.jpg 300w\" sizes=\"(max-width: 446px) 100vw, 446px\" \/><\/figure><\/li><li class=\"blocks-gallery-item\"><figure><img loading=\"lazy\" width=\"450\" height=\"400\" src=\"http:\/\/deddens-design.de\/erdbeere\/wp-content\/uploads\/2020\/10\/10-2.jpg\" alt=\"\" data-id=\"131\" data-full-url=\"http:\/\/deddens-design.de\/erdbeere\/wp-content\/uploads\/2020\/10\/10-2.jpg\" data-link=\"http:\/\/deddens-design.de\/erdbeere\/?attachment_id=131\" class=\"wp-image-131\" srcset=\"https:\/\/deddens-design.de\/erdbeere\/wp-content\/uploads\/2020\/10\/10-2.jpg 450w, https:\/\/deddens-design.de\/erdbeere\/wp-content\/uploads\/2020\/10\/10-2-300x267.jpg 300w\" sizes=\"(max-width: 450px) 100vw, 450px\" \/><\/figure><\/li><li class=\"blocks-gallery-item\"><figure><img loading=\"lazy\" width=\"446\" height=\"400\" src=\"http:\/\/deddens-design.de\/erdbeere\/wp-content\/uploads\/2020\/10\/02-3.jpg\" alt=\"\" data-id=\"82\" data-full-url=\"http:\/\/deddens-design.de\/erdbeere\/wp-content\/uploads\/2020\/10\/02-3.jpg\" data-link=\"http:\/\/deddens-design.de\/erdbeere\/?attachment_id=82\" class=\"wp-image-82\" srcset=\"https:\/\/deddens-design.de\/erdbeere\/wp-content\/uploads\/2020\/10\/02-3.jpg 446w, https:\/\/deddens-design.de\/erdbeere\/wp-content\/uploads\/2020\/10\/02-3-300x269.jpg 300w\" sizes=\"(max-width: 446px) 100vw, 446px\" \/><\/figure><\/li><li class=\"blocks-gallery-item\"><figure><img loading=\"lazy\" width=\"450\" height=\"400\" src=\"http:\/\/deddens-design.de\/erdbeere\/wp-content\/uploads\/2020\/10\/10-3.jpg\" alt=\"\" data-id=\"132\" data-full-url=\"http:\/\/deddens-design.de\/erdbeere\/wp-content\/uploads\/2020\/10\/10-3.jpg\" data-link=\"http:\/\/deddens-design.de\/erdbeere\/?attachment_id=132\" class=\"wp-image-132\" srcset=\"https:\/\/deddens-design.de\/erdbeere\/wp-content\/uploads\/2020\/10\/10-3.jpg 450w, https:\/\/deddens-design.de\/erdbeere\/wp-content\/uploads\/2020\/10\/10-3-300x267.jpg 300w\" sizes=\"(max-width: 450px) 100vw, 450px\" \/><\/figure><\/li><li class=\"blocks-gallery-item\"><figure><img loading=\"lazy\" width=\"446\" height=\"400\" src=\"http:\/\/deddens-design.de\/erdbeere\/wp-content\/uploads\/2020\/10\/03-3.jpg\" alt=\"\" data-id=\"93\" data-full-url=\"http:\/\/deddens-design.de\/erdbeere\/wp-content\/uploads\/2020\/10\/03-3.jpg\" data-link=\"http:\/\/deddens-design.de\/erdbeere\/?attachment_id=93\" class=\"wp-image-93\" srcset=\"https:\/\/deddens-design.de\/erdbeere\/wp-content\/uploads\/2020\/10\/03-3.jpg 446w, https:\/\/deddens-design.de\/erdbeere\/wp-content\/uploads\/2020\/10\/03-3-300x269.jpg 300w\" sizes=\"(max-width: 446px) 100vw, 446px\" \/><\/figure><\/li><li class=\"blocks-gallery-item\"><figure><img loading=\"lazy\" width=\"446\" height=\"400\" src=\"http:\/\/deddens-design.de\/erdbeere\/wp-content\/uploads\/2020\/10\/02-2.jpg\" alt=\"\" data-id=\"81\" data-full-url=\"http:\/\/deddens-design.de\/erdbeere\/wp-content\/uploads\/2020\/10\/02-2.jpg\" data-link=\"http:\/\/deddens-design.de\/erdbeere\/?attachment_id=81\" class=\"wp-image-81\" srcset=\"https:\/\/deddens-design.de\/erdbeere\/wp-content\/uploads\/2020\/10\/02-2.jpg 446w, https:\/\/deddens-design.de\/erdbeere\/wp-content\/uploads\/2020\/10\/02-2-300x269.jpg 300w\" sizes=\"(max-width: 446px) 100vw, 446px\" \/><\/figure><\/li><li class=\"blocks-gallery-item\"><figure><img loading=\"lazy\" width=\"446\" height=\"400\" src=\"http:\/\/deddens-design.de\/erdbeere\/wp-content\/uploads\/2020\/10\/07-3.jpg\" alt=\"\" data-id=\"124\" data-full-url=\"http:\/\/deddens-design.de\/erdbeere\/wp-content\/uploads\/2020\/10\/07-3.jpg\" data-link=\"http:\/\/deddens-design.de\/erdbeere\/?attachment_id=124\" class=\"wp-image-124\" srcset=\"https:\/\/deddens-design.de\/erdbeere\/wp-content\/uploads\/2020\/10\/07-3.jpg 446w, https:\/\/deddens-design.de\/erdbeere\/wp-content\/uploads\/2020\/10\/07-3-300x269.jpg 300w\" sizes=\"(max-width: 446px) 100vw, 446px\" \/><\/figure><\/li><li class=\"blocks-gallery-item\"><figure><img loading=\"lazy\" width=\"446\" height=\"400\" src=\"http:\/\/deddens-design.de\/erdbeere\/wp-content\/uploads\/2020\/10\/04-3.jpg\" alt=\"\" data-id=\"96\" data-full-url=\"http:\/\/deddens-design.de\/erdbeere\/wp-content\/uploads\/2020\/10\/04-3.jpg\" data-link=\"http:\/\/deddens-design.de\/erdbeere\/?attachment_id=96\" class=\"wp-image-96\" srcset=\"https:\/\/deddens-design.de\/erdbeere\/wp-content\/uploads\/2020\/10\/04-3.jpg 446w, https:\/\/deddens-design.de\/erdbeere\/wp-content\/uploads\/2020\/10\/04-3-300x269.jpg 300w\" sizes=\"(max-width: 446px) 100vw, 446px\" \/><\/figure><\/li><li class=\"blocks-gallery-item\"><figure><img loading=\"lazy\" width=\"450\" height=\"400\" src=\"http:\/\/deddens-design.de\/erdbeere\/wp-content\/uploads\/2020\/10\/10-1.jpg\" alt=\"\" data-id=\"130\" data-full-url=\"http:\/\/deddens-design.de\/erdbeere\/wp-content\/uploads\/2020\/10\/10-1.jpg\" data-link=\"http:\/\/deddens-design.de\/erdbeere\/?attachment_id=130\" class=\"wp-image-130\" srcset=\"https:\/\/deddens-design.de\/erdbeere\/wp-content\/uploads\/2020\/10\/10-1.jpg 450w, https:\/\/deddens-design.de\/erdbeere\/wp-content\/uploads\/2020\/10\/10-1-300x267.jpg 300w\" sizes=\"(max-width: 450px) 100vw, 450px\" \/><\/figure><\/li><li class=\"blocks-gallery-item\"><figure><img loading=\"lazy\" width=\"707\" height=\"400\" src=\"http:\/\/deddens-design.de\/erdbeere\/wp-content\/uploads\/2020\/10\/09-2.jpg\" alt=\"\" data-id=\"129\" data-full-url=\"http:\/\/deddens-design.de\/erdbeere\/wp-content\/uploads\/2020\/10\/09-2.jpg\" data-link=\"http:\/\/deddens-design.de\/erdbeere\/?attachment_id=129\" class=\"wp-image-129\" srcset=\"https:\/\/deddens-design.de\/erdbeere\/wp-content\/uploads\/2020\/10\/09-2.jpg 707w, https:\/\/deddens-design.de\/erdbeere\/wp-content\/uploads\/2020\/10\/09-2-300x170.jpg 300w\" sizes=\"(max-width: 707px) 100vw, 707px\" \/><\/figure><\/li><li class=\"blocks-gallery-item\"><figure><img loading=\"lazy\" width=\"446\" height=\"400\" src=\"http:\/\/deddens-design.de\/erdbeere\/wp-content\/uploads\/2020\/10\/05-2.jpg\" alt=\"\" data-id=\"102\" data-full-url=\"http:\/\/deddens-design.de\/erdbeere\/wp-content\/uploads\/2020\/10\/05-2.jpg\" data-link=\"http:\/\/deddens-design.de\/erdbeere\/?attachment_id=102\" class=\"wp-image-102\" srcset=\"https:\/\/deddens-design.de\/erdbeere\/wp-content\/uploads\/2020\/10\/05-2.jpg 446w, https:\/\/deddens-design.de\/erdbeere\/wp-content\/uploads\/2020\/10\/05-2-300x269.jpg 300w\" sizes=\"(max-width: 446px) 100vw, 446px\" \/><\/figure><\/li><\/ul><\/figure>\n","protected":false},"excerpt":{"rendered":"<p>Die Erstellung individueller Einzelst\u00fccke steht im Vordergrund. So ist es m\u00f6glich, bei jedem Schmuckst\u00fcck in der Entstehungsphase die Umsetzung einer Idee st\u00e4ndig zu hinterfragen um neue Formen zu entwickeln. Schmuckst\u00fccke f\u00fcr Anl\u00e4sse wie Hochzeit, Konfirmation, Geburtstag oder Taufe werden dann zu etwas Besonderem, wenn ein individueller gestalterischer Bezug zum Tr\u00e4ger erkennbar wird. So ist es [&hellip;]<\/p>\n","protected":false},"author":1,"featured_media":0,"parent":0,"menu_order":0,"comment_status":"closed","ping_status":"closed","template":"","meta":[],"_links":{"self":[{"href":"https:\/\/deddens-design.de\/erdbeere\/index.php?rest_route=\/wp\/v2\/pages\/25"}],"collection":[{"href":"https:\/\/deddens-design.de\/erdbeere\/index.php?rest_route=\/wp\/v2\/pages"}],"about":[{"href":"https:\/\/deddens-design.de\/erdbeere\/index.php?rest_route=\/wp\/v2\/types\/page"}],"author":[{"embeddable":true,"href":"https:\/\/deddens-design.de\/erdbeere\/index.php?rest_route=\/wp\/v2\/users\/1"}],"replies":[{"embeddable":true,"href":"https:\/\/deddens-design.de\/erdbeere\/index.php?rest_route=%2Fwp%2Fv2%2Fcomments&post=25"}],"version-history":[{"count":9,"href":"https:\/\/deddens-design.de\/erdbeere\/index.php?rest_route=\/wp\/v2\/pages\/25\/revisions"}],"predecessor-version":[{"id":207,"href":"https:\/\/deddens-design.de\/erdbeere\/index.php?rest_route=\/wp\/v2\/pages\/25\/revisions\/207"}],"wp:attachment":[{"href":"https:\/\/deddens-design.de\/erdbeere\/index.php?rest_route=%2Fwp%2Fv2%2Fmedia&parent=25"}],"curies":[{"name":"wp","href":"https:\/\/api.w.org\/{rel}","templated":true}]}}