{"id":147,"date":"2020-10-20T09:47:16","date_gmt":"2020-10-20T07:47:16","guid":{"rendered":"http:\/\/deddens-design.de\/erdbeere\/?page_id=147"},"modified":"2020-10-22T13:37:17","modified_gmt":"2020-10-22T11:37:17","slug":"stoecke-neu","status":"publish","type":"page","link":"https:\/\/deddens-design.de\/erdbeere\/?page_id=147","title":{"rendered":"St\u00f6cke"},"content":{"rendered":"\n<p><\/p>\n\n\n\n<p>Der Stock war von jeher ein Zeichen von Autorit\u00e4t und Souver\u00e4nit\u00e4t des Tr\u00e4gers, ob es sich dabei um den Bischofsstab, das Zepter oder um den einfachen Spazierstock oder Wegbegleiter handelte &#8211; immer sollte er die Pers\u00f6nlichkeit des Tr\u00e4gers unterstreichen.<\/p>\n\n\n\n<p>Er kann auch heute mehr als &#8222;nur&#8220; eine St\u00fctze sein und wieder zu einem Ausdrucksmittel des Tr\u00e4gers werden. Er kann Geschichten erz\u00e4hlen (\u00c4skulapstab oder Gilde zeichen), Talisman oder ein Schmuckst\u00fcck sein und Initialfunke f\u00fcr interessante Gespr\u00e4che.<\/p>\n\n\n\n<p><\/p>\n\n\n\n<blockquote class=\"wp-block-quote is-style-large\"><p>Der Stock als Wegbegleiter<\/p><\/blockquote>\n\n\n\n<p><\/p>\n\n\n\n<p><\/p>\n\n\n\n<figure class=\"wp-block-image size-large\"><img loading=\"lazy\" width=\"1024\" height=\"699\" src=\"http:\/\/deddens-design.de\/erdbeere\/wp-content\/uploads\/2020\/10\/Kaeferstock-1-1024x699.jpg\" alt=\"\" class=\"wp-image-211\" srcset=\"https:\/\/deddens-design.de\/erdbeere\/wp-content\/uploads\/2020\/10\/Kaeferstock-1-1024x699.jpg 1024w, https:\/\/deddens-design.de\/erdbeere\/wp-content\/uploads\/2020\/10\/Kaeferstock-1-300x205.jpg 300w, https:\/\/deddens-design.de\/erdbeere\/wp-content\/uploads\/2020\/10\/Kaeferstock-1-768x524.jpg 768w, https:\/\/deddens-design.de\/erdbeere\/wp-content\/uploads\/2020\/10\/Kaeferstock-1.jpg 1059w\" sizes=\"(max-width: 1024px) 100vw, 1024px\" \/><\/figure>\n\n\n\n<p><strong>Haptische Holzgriffe<\/strong><\/p>\n\n\n\n<p>Die handschmeichlerische Haptik, die dieser Stock mitbringt, macht ihn zu einem wirklichen Wegbegleiter. Aufgund seiner eleganten, sportlichen Form und dem optischen Reiz seiner edlen Materialien macht es einfach Spass, diesen Griff in die Hand zu nehmen.<\/p>\n\n\n\n<p>Durch m\u00f6gliche Applikationen und Intarsien bietet er Raum f\u00fcr Ideen, um die Pers\u00f6nlichkeit des Tr\u00e4gers hervorzuheben.<\/p>\n\n\n\n<p><\/p>\n\n\n\n<figure class=\"wp-block-image size-large\"><img loading=\"lazy\" width=\"1024\" height=\"699\" src=\"http:\/\/deddens-design.de\/erdbeere\/wp-content\/uploads\/2020\/10\/Holzstock-1024x699.jpg\" alt=\"\" class=\"wp-image-210\" srcset=\"https:\/\/deddens-design.de\/erdbeere\/wp-content\/uploads\/2020\/10\/Holzstock-1024x699.jpg 1024w, https:\/\/deddens-design.de\/erdbeere\/wp-content\/uploads\/2020\/10\/Holzstock-300x205.jpg 300w, https:\/\/deddens-design.de\/erdbeere\/wp-content\/uploads\/2020\/10\/Holzstock-768x524.jpg 768w, https:\/\/deddens-design.de\/erdbeere\/wp-content\/uploads\/2020\/10\/Holzstock.jpg 1059w\" sizes=\"(max-width: 1024px) 100vw, 1024px\" \/><\/figure>\n\n\n\n<p><strong>Ziselierte Silbergriffe<\/strong><\/p>\n\n\n\n<p>Bei dieser Werktechnik wird die Form mit Hilfe von Hammer und kleinen Meisseln aus dem Silberblech herausgearbeitet. In Verbindung mit anderen Techniken lassen sich so die unterschiedlichsten Ideen plastisch auf den Stock \u00fcbertragen.<\/p>\n\n\n\n<p>So z.B. der links abgebildete Schlangenstock, der als \u00c4skulapstab das Symbol f\u00fcr den Berufsstand der \u00c4rzte und Apotheker darstellt.<\/p>\n\n\n\n<p><\/p>\n\n\n\n<figure class=\"wp-block-image size-large\"><img loading=\"lazy\" width=\"1024\" height=\"699\" src=\"http:\/\/deddens-design.de\/erdbeere\/wp-content\/uploads\/2020\/10\/ZisilierteStoecke-1024x699.jpg\" alt=\"\" class=\"wp-image-214\" srcset=\"https:\/\/deddens-design.de\/erdbeere\/wp-content\/uploads\/2020\/10\/ZisilierteStoecke-1024x699.jpg 1024w, https:\/\/deddens-design.de\/erdbeere\/wp-content\/uploads\/2020\/10\/ZisilierteStoecke-300x205.jpg 300w, https:\/\/deddens-design.de\/erdbeere\/wp-content\/uploads\/2020\/10\/ZisilierteStoecke-768x524.jpg 768w, https:\/\/deddens-design.de\/erdbeere\/wp-content\/uploads\/2020\/10\/ZisilierteStoecke.jpg 1059w\" sizes=\"(max-width: 1024px) 100vw, 1024px\" \/><\/figure>\n\n\n\n<p><strong>Objektst\u00f6cke<\/strong><\/p>\n\n\n\n<p>Hier steht nicht so sehr die St\u00fctzfunktion im Vordergrund, sondern eher die Herausforderung, den Stock als elegantes Accessoire und Sammlerst\u00fcck zu verstehen.&nbsp;<\/p>\n\n\n\n<p>Interessante Materialkombinationen im Zusammenspiel mit ungew\u00f6hnlichen Konstruktionen stehen hier beispielhaft f\u00fcr den Versuch, das Thema Wegbegleiter und Stock immer wieder neu zu hinterfragen.<\/p>\n\n\n\n<p><\/p>\n\n\n\n<figure class=\"wp-block-image size-large\"><img loading=\"lazy\" width=\"1024\" height=\"699\" src=\"http:\/\/deddens-design.de\/erdbeere\/wp-content\/uploads\/2020\/10\/Objektstoecke-1024x699.jpg\" alt=\"\" class=\"wp-image-213\" srcset=\"https:\/\/deddens-design.de\/erdbeere\/wp-content\/uploads\/2020\/10\/Objektstoecke-1024x699.jpg 1024w, https:\/\/deddens-design.de\/erdbeere\/wp-content\/uploads\/2020\/10\/Objektstoecke-300x205.jpg 300w, https:\/\/deddens-design.de\/erdbeere\/wp-content\/uploads\/2020\/10\/Objektstoecke-768x524.jpg 768w, https:\/\/deddens-design.de\/erdbeere\/wp-content\/uploads\/2020\/10\/Objektstoecke.jpg 1059w\" sizes=\"(max-width: 1024px) 100vw, 1024px\" \/><\/figure>\n\n\n\n<p><strong>St\u00fctzender Stock<\/strong><\/p>\n\n\n\n<p>Auch bei einem Stock mit ergonomischen Griff k\u00f6nnen individuelle W\u00fcnsche des Tr\u00e4gers mit in die Gestaltung einflie\u00dfen.&nbsp;<\/p>\n\n\n\n<p>Verschiedene Materialien und Applikationen tragen dazu bei, dass der Stock die Pers\u00f6nlichkeit des Tr\u00e4gers unterstreicht und zu einem guten Freund werden l\u00e4sst.<\/p>\n\n\n\n<p><\/p>\n\n\n\n<figure class=\"wp-block-image size-large\"><img loading=\"lazy\" width=\"1024\" height=\"699\" src=\"http:\/\/deddens-design.de\/erdbeere\/wp-content\/uploads\/2020\/10\/Kunststoffstock-1024x699.jpg\" alt=\"\" class=\"wp-image-212\" srcset=\"https:\/\/deddens-design.de\/erdbeere\/wp-content\/uploads\/2020\/10\/Kunststoffstock-1024x699.jpg 1024w, https:\/\/deddens-design.de\/erdbeere\/wp-content\/uploads\/2020\/10\/Kunststoffstock-300x205.jpg 300w, https:\/\/deddens-design.de\/erdbeere\/wp-content\/uploads\/2020\/10\/Kunststoffstock-768x524.jpg 768w, https:\/\/deddens-design.de\/erdbeere\/wp-content\/uploads\/2020\/10\/Kunststoffstock.jpg 1059w\" sizes=\"(max-width: 1024px) 100vw, 1024px\" \/><\/figure>\n","protected":false},"excerpt":{"rendered":"<p>Der Stock war von jeher ein Zeichen von Autorit\u00e4t und Souver\u00e4nit\u00e4t des Tr\u00e4gers, ob es sich dabei um den Bischofsstab, das Zepter oder um den einfachen Spazierstock oder Wegbegleiter handelte &#8211; immer sollte er die Pers\u00f6nlichkeit des Tr\u00e4gers unterstreichen. Er kann auch heute mehr als &#8222;nur&#8220; eine St\u00fctze sein und wieder zu einem Ausdrucksmittel des [&hellip;]<\/p>\n","protected":false},"author":1,"featured_media":0,"parent":0,"menu_order":0,"comment_status":"closed","ping_status":"closed","template":"","meta":[],"_links":{"self":[{"href":"https:\/\/deddens-design.de\/erdbeere\/index.php?rest_route=\/wp\/v2\/pages\/147"}],"collection":[{"href":"https:\/\/deddens-design.de\/erdbeere\/index.php?rest_route=\/wp\/v2\/pages"}],"about":[{"href":"https:\/\/deddens-design.de\/erdbeere\/index.php?rest_route=\/wp\/v2\/types\/page"}],"author":[{"embeddable":true,"href":"https:\/\/deddens-design.de\/erdbeere\/index.php?rest_route=\/wp\/v2\/users\/1"}],"replies":[{"embeddable":true,"href":"https:\/\/deddens-design.de\/erdbeere\/index.php?rest_route=%2Fwp%2Fv2%2Fcomments&post=147"}],"version-history":[{"count":16,"href":"https:\/\/deddens-design.de\/erdbeere\/index.php?rest_route=\/wp\/v2\/pages\/147\/revisions"}],"predecessor-version":[{"id":234,"href":"https:\/\/deddens-design.de\/erdbeere\/index.php?rest_route=\/wp\/v2\/pages\/147\/revisions\/234"}],"wp:attachment":[{"href":"https:\/\/deddens-design.de\/erdbeere\/index.php?rest_route=%2Fwp%2Fv2%2Fmedia&parent=147"}],"curies":[{"name":"wp","href":"https:\/\/api.w.org\/{rel}","templated":true}]}}